{"id":9,"date":"2024-01-05T17:10:21","date_gmt":"2024-01-05T17:10:21","guid":{"rendered":"https:\/\/www.frgermany.de\/?page_id=9"},"modified":"2024-01-06T13:49:34","modified_gmt":"2024-01-06T13:49:34","slug":"fair-recruiting-germany","status":"publish","type":"page","link":"https:\/\/www.frgermany.de\/","title":{"rendered":"FAIR RECRUITING GERMANY"},"content":{"rendered":"\n<p class=\"has-text-align-center\">Wir vermitteln ausl\u00e4ndische Fachkr\u00e4fte nach Deutschland.<\/p>\n\n\n\n<p class=\"has-text-align-center\">We recruit foreign professionals for jobs in  Germany<\/p>\n\n\n\n<p class=\"has-text-align-center\">Recrutamos profissionais estrangeiros para empregos na Alemanha<\/p>\n\n\n\n<p class=\"has-text-align-center\">Almanya&#8217;daki i\u015fler i\u00e7in yabanc\u0131 profesyonelleri i\u015fe al\u0131yoruz<\/p>\n\n\n\n<p class=\"has-text-align-center\">\u0939\u092e \u091c\u0930\u094d\u092e\u0928\u0940 \u092e\u0947\u0902 \u0928\u094c\u0915\u0930\u093f\u092f\u094b\u0902 \u0915\u0947 \u0932\u093f\u090f \u0935\u093f\u0926\u0947\u0936\u0940 \u092a\u0947\u0936\u0947\u0935\u0930\u094b\u0902 \u0915\u0940 \u092d\u0930\u094d\u0924\u0940 \u0915\u0930\u0924\u0947 \u0939\u0948\u0902<\/p>\n\n\n\n<p class=\"has-text-align-center\">\u2014\u2014\u2014\u2014\u2014\u2014\u2014\u2014\u2014\u2014\u2014\u2014\u2014\u2014\u2014\u2014\u2014\u2014\u2014\u2014\u2014-<\/p>\n\n\n\n<p class=\"has-text-align-center\">Diese Webseite befindet sich im Aufbau.<\/p>\n\n\n\n<p class=\"has-text-align-center\">This website is under construction<\/p>\n\n\n\n<p class=\"has-text-align-center\">Este site est\u00e1 em constru\u00e7\u00e3o<\/p>\n\n\n\n<p class=\"has-text-align-center\">Bu web sitesi yap\u0131m a\u015famas\u0131ndad\u0131r<\/p>\n\n\n\n<p class=\"has-text-align-center\">\u092f\u0939 \u0935\u0947\u092c\u0938\u093e\u0907\u091f \u0928\u093f\u0930\u094d\u092e\u093e\u0923\u093e\u0927\u0940\u0928 \u0939\u0948\u0964<\/p>\n\n\n\n<p class=\"has-text-align-center\">\u2014\u2014\u2014\u2014\u2014\u2014\u2014\u2014\u2014\u2014\u2014\u2014\u2014\u2014\u2014\u2014\u2014\u2014\u2014\u2014\u2014-<\/p>\n\n\n\n<p class=\"has-text-align-center\">A division of Prospectus GmbH Mannheim, Germany<\/p>\n\n\n\n<p><\/p>\n\n\n\n<p><\/p>\n\n\n\n<p><\/p>\n\n\n\n<p><\/p>\n\n\n\n<p><\/p>\n\n\n\n<p><\/p>\n\n\n\n<p><\/p>\n\n\n\n<p><\/p>\n\n\n\n<p><\/p>\n\n\n\n<p><\/p>\n\n\n\n<p><\/p>\n\n\n\n<p><\/p>\n\n\n\n<p><\/p>\n\n\n\n<p><\/p>\n\n\n\n<p><\/p>\n","protected":false},"excerpt":{"rendered":"<p>Wir vermitteln ausl\u00e4ndische Fachkr\u00e4fte nach Deutschland. We recruit foreign professionals for jobs in Germany Recrutamos profissionais estrangeiros para empregos na Alemanha Almanya&#8217;daki i\u015fler i\u00e7in yabanc\u0131 profesyonelleri i\u015fe al\u0131yoruz \u0939\u092e \u091c\u0930\u094d\u092e\u0928\u0940 \u092e\u0947\u0902 \u0928\u094c\u0915\u0930\u093f\u092f\u094b\u0902 \u0915\u0947 \u0932\u093f\u090f \u0935\u093f\u0926\u0947\u0936\u0940 \u092a\u0947\u0936\u0947\u0935\u0930\u094b\u0902 \u0915\u0940 \u092d\u0930\u094d\u0924\u0940 \u0915\u0930\u0924\u0947 \u0939\u0948\u0902 \u2014\u2014\u2014\u2014\u2014\u2014\u2014\u2014\u2014\u2014\u2014\u2014\u2014\u2014\u2014\u2014\u2014\u2014\u2014\u2014\u2014- Diese Webseite befindet sich im Aufbau. This website is under construction Este site est\u00e1 [&hellip;]<\/p>\n","protected":false},"author":1,"featured_media":0,"parent":0,"menu_order":0,"comment_status":"closed","ping_status":"closed","template":"","meta":{"footnotes":""},"class_list":["post-9","page","type-page","status-publish","hentry"],"_links":{"self":[{"href":"https:\/\/www.frgermany.de\/index.php?rest_route=\/wp\/v2\/pages\/9","targetHints":{"allow":["GET"]}}],"collection":[{"href":"https:\/\/www.frgermany.de\/index.php?rest_route=\/wp\/v2\/pages"}],"about":[{"href":"https:\/\/www.frgermany.de\/index.php?rest_route=\/wp\/v2\/types\/page"}],"author":[{"embeddable":true,"href":"https:\/\/www.frgermany.de\/index.php?rest_route=\/wp\/v2\/users\/1"}],"replies":[{"embeddable":true,"href":"https:\/\/www.frgermany.de\/index.php?rest_route=%2Fwp%2Fv2%2Fcomments&post=9"}],"version-history":[{"count":10,"href":"https:\/\/www.frgermany.de\/index.php?rest_route=\/wp\/v2\/pages\/9\/revisions"}],"predecessor-version":[{"id":23,"href":"https:\/\/www.frgermany.de\/index.php?rest_route=\/wp\/v2\/pages\/9\/revisions\/23"}],"wp:attachment":[{"href":"https:\/\/www.frgermany.de\/index.php?rest_route=%2Fwp%2Fv2%2Fmedia&parent=9"}],"curies":[{"name":"wp","href":"https:\/\/api.w.org\/{rel}","templated":true}]}}